{"id":5023,"date":"2023-07-05T21:18:13","date_gmt":"2023-07-05T19:18:13","guid":{"rendered":"https:\/\/auras.hu\/?page_id=5023"},"modified":"2023-10-13T14:54:07","modified_gmt":"2023-10-13T12:54:07","slug":"about-us","status":"publish","type":"page","link":"https:\/\/auras.hu\/en\/about-us\/","title":{"rendered":"ABOUT US"},"content":{"rendered":"<div class=\"gb-container gb-container-b46577ff\">\n<div class=\"gb-container gb-container-6ed3abe6\">\n\n<p><strong>AURAS HOLDING has been present on the Hungarian and international market <\/strong>as a prominent<strong> distributor of refractory industrial products <\/strong>and as a <strong>general contracting expert for more than 25 years.<\/strong><\/p>\n\n\n\n<p><strong>Our group of companies includes Auras International GmbH<\/strong>, located near Munich, <strong>Auras Ltd.<\/strong> in Hungary, and in 2015 <strong>Samott Ltd.<\/strong> joined our group, who have been experts in industrial construction for more than 20 years.<\/p>\n\n\n\n<p>We provide <strong>specific, personalised, professional service <\/strong>and <strong>comprehensive construction projects<\/strong> for our partners.<\/p>\n\n\n\n<p>The Group strives to ensure that its name is always synonymous with its <strong>three core values<\/strong> of <strong>STABILITY, PERFECTIONISM and EXPERTISE.<\/strong><\/p>\n\n<\/div>\n\n<div class=\"gb-container gb-container-f615e955\">\n<div class=\"gb-grid-wrapper gb-grid-wrapper-a5bd5429\">\n<div class=\"gb-grid-column gb-grid-column-ed7dabbe\"><div class=\"gb-container gb-container-ed7dabbe\">\n\n<figure class=\"gb-block-image gb-block-image-f76612f0\"><img loading=\"lazy\" decoding=\"async\" width=\"600\" height=\"480\" class=\"gb-image gb-image-f76612f0\" src=\"https:\/\/auras.hu\/wp-content\/uploads\/2023\/07\/Markus-Akos.jpg\" alt=\"\" title=\"Markus-Akos\" srcset=\"https:\/\/auras.hu\/wp-content\/uploads\/2023\/07\/Markus-Akos.jpg 600w, https:\/\/auras.hu\/wp-content\/uploads\/2023\/07\/Markus-Akos-300x240.jpg 300w\" sizes=\"auto, (max-width: 600px) 100vw, 600px\" \/><\/figure>\n\n\n\n<h2 class=\"gb-headline gb-headline-5662e7d9 gb-headline-text\">\u00c1KOS M\u00c1RKUS<\/h2>\n\n\n\n<p class=\"gb-headline gb-headline-7ce295f3 gb-headline-text\">Managing Director<\/p>\n\n\n\n<p class=\"gb-headline gb-headline-6331ed72\"><span class=\"gb-icon\"><svg aria-hidden=\"true\" role=\"img\" height=\"1em\" width=\"1em\" viewBox=\"0 0 512 512\" xmlns=\"http:\/\/www.w3.org\/2000\/svg\"><path fill=\"currentColor\" d=\"M464 64H48C21.49 64 0 85.49 0 112v288c0 26.51 21.49 48 48 48h416c26.51 0 48-21.49 48-48V112c0-26.51-21.49-48-48-48zm0 48v40.805c-22.422 18.259-58.168 46.651-134.587 106.49-16.841 13.247-50.201 45.072-73.413 44.701-23.208.375-56.579-31.459-73.413-44.701C106.18 199.465 70.425 171.067 48 152.805V112h416zM48 400V214.398c22.914 18.251 55.409 43.862 104.938 82.646 21.857 17.205 60.134 55.186 103.062 54.955 42.717.231 80.509-37.199 103.053-54.947 49.528-38.783 82.032-64.401 104.947-82.653V400H48z\"><\/path><\/svg><\/span><span class=\"gb-headline-text\"><a href=\"mailto:akos.markus@auras.hu\">akos.markus@auras.hu<\/a><\/span><\/p>\n\n<\/div><\/div>\n\n<div class=\"gb-grid-column gb-grid-column-421e48d2\"><div class=\"gb-container gb-container-421e48d2\">\n\n<figure class=\"gb-block-image gb-block-image-ad9f90d2\"><img loading=\"lazy\" decoding=\"async\" width=\"600\" height=\"480\" class=\"gb-image gb-image-ad9f90d2\" src=\"https:\/\/auras.hu\/wp-content\/uploads\/2023\/07\/Markus-Csaszar-Aniko.jpg\" alt=\"\" title=\"Markus-Csaszar-Aniko\" srcset=\"https:\/\/auras.hu\/wp-content\/uploads\/2023\/07\/Markus-Csaszar-Aniko.jpg 600w, https:\/\/auras.hu\/wp-content\/uploads\/2023\/07\/Markus-Csaszar-Aniko-300x240.jpg 300w\" sizes=\"auto, (max-width: 600px) 100vw, 600px\" \/><\/figure>\n\n\n\n<h2 class=\"gb-headline gb-headline-8fcbd1b0 gb-headline-text\">ANIK\u00d3 M\u00c1RKUS-CS\u00c1SZ\u00c1R<\/h2>\n\n\n\n<p class=\"gb-headline gb-headline-bb29e994 gb-headline-text\">Managing Director<\/p>\n\n\n\n<p class=\"gb-headline gb-headline-48dcd6a1\"><span class=\"gb-icon\"><svg aria-hidden=\"true\" role=\"img\" height=\"1em\" width=\"1em\" viewBox=\"0 0 512 512\" xmlns=\"http:\/\/www.w3.org\/2000\/svg\"><path fill=\"currentColor\" d=\"M464 64H48C21.49 64 0 85.49 0 112v288c0 26.51 21.49 48 48 48h416c26.51 0 48-21.49 48-48V112c0-26.51-21.49-48-48-48zm0 48v40.805c-22.422 18.259-58.168 46.651-134.587 106.49-16.841 13.247-50.201 45.072-73.413 44.701-23.208.375-56.579-31.459-73.413-44.701C106.18 199.465 70.425 171.067 48 152.805V112h416zM48 400V214.398c22.914 18.251 55.409 43.862 104.938 82.646 21.857 17.205 60.134 55.186 103.062 54.955 42.717.231 80.509-37.199 103.053-54.947 49.528-38.783 82.032-64.401 104.947-82.653V400H48z\"><\/path><\/svg><\/span><span class=\"gb-headline-text\"><a href=\"mailto:aniko.markus-csaszar@auras.hu\">aniko.markus-csaszar@auras.hu<\/a><\/span><\/p>\n\n<\/div><\/div>\n\n<div class=\"gb-grid-column gb-grid-column-87fb1d50\"><div class=\"gb-container gb-container-87fb1d50\">\n\n<figure class=\"gb-block-image gb-block-image-65ebf208\"><img loading=\"lazy\" decoding=\"async\" width=\"600\" height=\"480\" class=\"gb-image gb-image-65ebf208\" src=\"https:\/\/auras.hu\/wp-content\/uploads\/2023\/07\/Jozsi-Miklos.jpg\" alt=\"\" title=\"Jozsi-Miklos\" srcset=\"https:\/\/auras.hu\/wp-content\/uploads\/2023\/07\/Jozsi-Miklos.jpg 600w, https:\/\/auras.hu\/wp-content\/uploads\/2023\/07\/Jozsi-Miklos-300x240.jpg 300w\" sizes=\"auto, (max-width: 600px) 100vw, 600px\" \/><\/figure>\n\n\n\n<h2 class=\"gb-headline gb-headline-e99a7092 gb-headline-text\">MIKL\u00d3S J\u00d3ZSI<\/h2>\n\n\n\n<p class=\"gb-headline gb-headline-24894eb0 gb-headline-text\">Commercial manager<\/p>\n\n\n\n<p class=\"gb-headline gb-headline-193b702f\"><span class=\"gb-icon\"><svg aria-hidden=\"true\" role=\"img\" height=\"1em\" width=\"1em\" viewBox=\"0 0 512 512\" xmlns=\"http:\/\/www.w3.org\/2000\/svg\"><path fill=\"currentColor\" d=\"M493.4 24.6l-104-24c-11.3-2.6-22.9 3.3-27.5 13.9l-48 112c-4.2 9.8-1.4 21.3 6.9 28l60.6 49.6c-36 76.7-98.9 140.5-177.2 177.2l-49.6-60.6c-6.8-8.3-18.2-11.1-28-6.9l-112 48C3.9 366.5-2 378.1.6 389.4l24 104C27.1 504.2 36.7 512 48 512c256.1 0 464-207.5 464-464 0-11.2-7.7-20.9-18.6-23.4z\"><\/path><\/svg><\/span><span class=\"gb-headline-text\"><a href=\"tel:+36 20 330 9910\">+36 20 330 9910<\/a><\/span><\/p>\n\n\n\n<p class=\"gb-headline gb-headline-ee6a6034\"><span class=\"gb-icon\"><svg aria-hidden=\"true\" role=\"img\" height=\"1em\" width=\"1em\" viewBox=\"0 0 512 512\" xmlns=\"http:\/\/www.w3.org\/2000\/svg\"><path fill=\"currentColor\" d=\"M464 64H48C21.49 64 0 85.49 0 112v288c0 26.51 21.49 48 48 48h416c26.51 0 48-21.49 48-48V112c0-26.51-21.49-48-48-48zm0 48v40.805c-22.422 18.259-58.168 46.651-134.587 106.49-16.841 13.247-50.201 45.072-73.413 44.701-23.208.375-56.579-31.459-73.413-44.701C106.18 199.465 70.425 171.067 48 152.805V112h416zM48 400V214.398c22.914 18.251 55.409 43.862 104.938 82.646 21.857 17.205 60.134 55.186 103.062 54.955 42.717.231 80.509-37.199 103.053-54.947 49.528-38.783 82.032-64.401 104.947-82.653V400H48z\"><\/path><\/svg><\/span><span class=\"gb-headline-text\"><a href=\"mailto:miklos.jozsi@auras.hu\">miklos.jozsi@auras.hu<\/a><\/span><\/p>\n\n<\/div><\/div>\n\n<div class=\"gb-grid-column gb-grid-column-239c840e\"><div class=\"gb-container gb-container-239c840e\">\n\n<figure class=\"gb-block-image gb-block-image-3e0bd41a\"><img loading=\"lazy\" decoding=\"async\" width=\"600\" height=\"480\" class=\"gb-image gb-image-3e0bd41a\" src=\"https:\/\/auras.hu\/wp-content\/uploads\/2023\/07\/Bende-Zsolt.jpg\" alt=\"\" title=\"Bende-Zsolt\" srcset=\"https:\/\/auras.hu\/wp-content\/uploads\/2023\/07\/Bende-Zsolt.jpg 600w, https:\/\/auras.hu\/wp-content\/uploads\/2023\/07\/Bende-Zsolt-300x240.jpg 300w\" sizes=\"auto, (max-width: 600px) 100vw, 600px\" \/><\/figure>\n\n\n\n<h2 class=\"gb-headline gb-headline-0bc7084b gb-headline-text\">ZSOLT BENDE<\/h2>\n\n\n\n<p class=\"gb-headline gb-headline-a24cb5ed gb-headline-text\">Project development manager<\/p>\n\n\n\n<p class=\"gb-headline gb-headline-aa69c5d9\"><span class=\"gb-icon\"><svg aria-hidden=\"true\" role=\"img\" height=\"1em\" width=\"1em\" viewBox=\"0 0 512 512\" xmlns=\"http:\/\/www.w3.org\/2000\/svg\"><path fill=\"currentColor\" d=\"M493.4 24.6l-104-24c-11.3-2.6-22.9 3.3-27.5 13.9l-48 112c-4.2 9.8-1.4 21.3 6.9 28l60.6 49.6c-36 76.7-98.9 140.5-177.2 177.2l-49.6-60.6c-6.8-8.3-18.2-11.1-28-6.9l-112 48C3.9 366.5-2 378.1.6 389.4l24 104C27.1 504.2 36.7 512 48 512c256.1 0 464-207.5 464-464 0-11.2-7.7-20.9-18.6-23.4z\"><\/path><\/svg><\/span><span class=\"gb-headline-text\"><a href=\"tel:+36 20 368 6979\">+36 20 368 6979<\/a><\/span><\/p>\n\n\n\n<p class=\"gb-headline gb-headline-0d7751a5\"><span class=\"gb-icon\"><svg aria-hidden=\"true\" role=\"img\" height=\"1em\" width=\"1em\" viewBox=\"0 0 512 512\" xmlns=\"http:\/\/www.w3.org\/2000\/svg\"><path fill=\"currentColor\" d=\"M464 64H48C21.49 64 0 85.49 0 112v288c0 26.51 21.49 48 48 48h416c26.51 0 48-21.49 48-48V112c0-26.51-21.49-48-48-48zm0 48v40.805c-22.422 18.259-58.168 46.651-134.587 106.49-16.841 13.247-50.201 45.072-73.413 44.701-23.208.375-56.579-31.459-73.413-44.701C106.18 199.465 70.425 171.067 48 152.805V112h416zM48 400V214.398c22.914 18.251 55.409 43.862 104.938 82.646 21.857 17.205 60.134 55.186 103.062 54.955 42.717.231 80.509-37.199 103.053-54.947 49.528-38.783 82.032-64.401 104.947-82.653V400H48z\"><\/path><\/svg><\/span><span class=\"gb-headline-text\"><a href=\"mailto:zsolt.bende@auras.hu\">zsolt.bende@auras.hu<\/a><\/span><\/p>\n\n<\/div><\/div>\n\n<div class=\"gb-grid-column gb-grid-column-edc5e567\"><div class=\"gb-container gb-container-edc5e567\">\n\n<figure class=\"gb-block-image gb-block-image-3f0219b5\"><img loading=\"lazy\" decoding=\"async\" width=\"600\" height=\"480\" class=\"gb-image gb-image-3f0219b5\" src=\"https:\/\/auras.hu\/wp-content\/uploads\/2023\/07\/Racz-Orsolya.jpg\" alt=\"\" title=\"Racz-Orsolya\" srcset=\"https:\/\/auras.hu\/wp-content\/uploads\/2023\/07\/Racz-Orsolya.jpg 600w, https:\/\/auras.hu\/wp-content\/uploads\/2023\/07\/Racz-Orsolya-300x240.jpg 300w\" sizes=\"auto, (max-width: 600px) 100vw, 600px\" \/><\/figure>\n\n\n\n<h2 class=\"gb-headline gb-headline-be73143f gb-headline-text\">ORSOLYA R\u00c9KA R\u00c1CZ<\/h2>\n\n\n\n<p class=\"gb-headline gb-headline-a78fcd84 gb-headline-text\">office manager<\/p>\n\n\n\n<p class=\"gb-headline gb-headline-44e1006b\"><span class=\"gb-icon\"><svg aria-hidden=\"true\" role=\"img\" height=\"1em\" width=\"1em\" viewBox=\"0 0 512 512\" xmlns=\"http:\/\/www.w3.org\/2000\/svg\"><path fill=\"currentColor\" d=\"M493.4 24.6l-104-24c-11.3-2.6-22.9 3.3-27.5 13.9l-48 112c-4.2 9.8-1.4 21.3 6.9 28l60.6 49.6c-36 76.7-98.9 140.5-177.2 177.2l-49.6-60.6c-6.8-8.3-18.2-11.1-28-6.9l-112 48C3.9 366.5-2 378.1.6 389.4l24 104C27.1 504.2 36.7 512 48 512c256.1 0 464-207.5 464-464 0-11.2-7.7-20.9-18.6-23.4z\"><\/path><\/svg><\/span><span class=\"gb-headline-text\"><a href=\"tel:+36 20 580 3580\">+36 20 580 3580<\/a><\/span><\/p>\n\n\n\n<p class=\"gb-headline gb-headline-9551a895\"><span class=\"gb-icon\"><svg aria-hidden=\"true\" role=\"img\" height=\"1em\" width=\"1em\" viewBox=\"0 0 512 512\" xmlns=\"http:\/\/www.w3.org\/2000\/svg\"><path fill=\"currentColor\" d=\"M464 64H48C21.49 64 0 85.49 0 112v288c0 26.51 21.49 48 48 48h416c26.51 0 48-21.49 48-48V112c0-26.51-21.49-48-48-48zm0 48v40.805c-22.422 18.259-58.168 46.651-134.587 106.49-16.841 13.247-50.201 45.072-73.413 44.701-23.208.375-56.579-31.459-73.413-44.701C106.18 199.465 70.425 171.067 48 152.805V112h416zM48 400V214.398c22.914 18.251 55.409 43.862 104.938 82.646 21.857 17.205 60.134 55.186 103.062 54.955 42.717.231 80.509-37.199 103.053-54.947 49.528-38.783 82.032-64.401 104.947-82.653V400H48z\"><\/path><\/svg><\/span><span class=\"gb-headline-text\"><a href=\"mailto:orsolya.racz@auras.hu\">orsolya.racz@auras.hu<\/a><\/span><\/p>\n\n<\/div><\/div>\n\n<div class=\"gb-grid-column gb-grid-column-08c05dad\"><div class=\"gb-container gb-container-08c05dad\">\n\n<figure class=\"gb-block-image gb-block-image-4a3d36ad\"><img loading=\"lazy\" decoding=\"async\" width=\"600\" height=\"480\" class=\"gb-image gb-image-4a3d36ad\" src=\"https:\/\/auras.hu\/wp-content\/uploads\/2023\/08\/auras-noi-avatar.jpg\" alt=\"\" title=\"auras-noi-avatar\" srcset=\"https:\/\/auras.hu\/wp-content\/uploads\/2023\/08\/auras-noi-avatar.jpg 600w, https:\/\/auras.hu\/wp-content\/uploads\/2023\/08\/auras-noi-avatar-300x240.jpg 300w\" sizes=\"auto, (max-width: 600px) 100vw, 600px\" \/><\/figure>\n\n\n\n<h2 class=\"gb-headline gb-headline-9a588d40 gb-headline-text\">\u00c1GNES HERCZEG<\/h2>\n\n\n\n<p class=\"gb-headline gb-headline-278a1bca gb-headline-text\">Assistant<\/p>\n\n\n\n<p class=\"gb-headline gb-headline-3ff5726a\"><span class=\"gb-icon\"><svg aria-hidden=\"true\" role=\"img\" height=\"1em\" width=\"1em\" viewBox=\"0 0 512 512\" xmlns=\"http:\/\/www.w3.org\/2000\/svg\"><path fill=\"currentColor\" d=\"M493.4 24.6l-104-24c-11.3-2.6-22.9 3.3-27.5 13.9l-48 112c-4.2 9.8-1.4 21.3 6.9 28l60.6 49.6c-36 76.7-98.9 140.5-177.2 177.2l-49.6-60.6c-6.8-8.3-18.2-11.1-28-6.9l-112 48C3.9 366.5-2 378.1.6 389.4l24 104C27.1 504.2 36.7 512 48 512c256.1 0 464-207.5 464-464 0-11.2-7.7-20.9-18.6-23.4z\"><\/path><\/svg><\/span><span class=\"gb-headline-text\"><a href=\"tel:+36 20 580 3580\">+36 20 580 3580<\/a><\/span><\/p>\n\n\n\n<p class=\"gb-headline gb-headline-61472d5c\"><span class=\"gb-icon\"><svg aria-hidden=\"true\" role=\"img\" height=\"1em\" width=\"1em\" viewBox=\"0 0 512 512\" xmlns=\"http:\/\/www.w3.org\/2000\/svg\"><path fill=\"currentColor\" d=\"M464 64H48C21.49 64 0 85.49 0 112v288c0 26.51 21.49 48 48 48h416c26.51 0 48-21.49 48-48V112c0-26.51-21.49-48-48-48zm0 48v40.805c-22.422 18.259-58.168 46.651-134.587 106.49-16.841 13.247-50.201 45.072-73.413 44.701-23.208.375-56.579-31.459-73.413-44.701C106.18 199.465 70.425 171.067 48 152.805V112h416zM48 400V214.398c22.914 18.251 55.409 43.862 104.938 82.646 21.857 17.205 60.134 55.186 103.062 54.955 42.717.231 80.509-37.199 103.053-54.947 49.528-38.783 82.032-64.401 104.947-82.653V400H48z\"><\/path><\/svg><\/span><span class=\"gb-headline-text\"><a href=\"mailto:agnes.herczeg@auras.hu\">agnes.herczeg@auras.hu<\/a><\/span><\/p>\n\n<\/div><\/div>\n\n<div class=\"gb-grid-column gb-grid-column-43414ad7\"><div class=\"gb-container gb-container-43414ad7\">\n\n<figure class=\"gb-block-image gb-block-image-96edbeb6\"><img loading=\"lazy\" decoding=\"async\" width=\"600\" height=\"480\" class=\"gb-image gb-image-96edbeb6\" src=\"https:\/\/auras.hu\/wp-content\/uploads\/2023\/07\/Csaszar-Csaba.jpg\" alt=\"\" title=\"Csaszar-Csaba\" srcset=\"https:\/\/auras.hu\/wp-content\/uploads\/2023\/07\/Csaszar-Csaba.jpg 600w, https:\/\/auras.hu\/wp-content\/uploads\/2023\/07\/Csaszar-Csaba-300x240.jpg 300w\" sizes=\"auto, (max-width: 600px) 100vw, 600px\" \/><\/figure>\n\n\n\n<h2 class=\"gb-headline gb-headline-f9b3ed7c gb-headline-text\">CSABA CS\u00c1SZ\u00c1R<\/h2>\n\n\n\n<p class=\"gb-headline gb-headline-48cf6b76 gb-headline-text\">Founder<\/p>\n\n<\/div><\/div>\n<\/div>\n<\/div>\n<\/div>","protected":false},"excerpt":{"rendered":"<p>AURAS HOLDING has been present on the Hungarian and international market as a prominent distributor of refractory industrial products and as a general contracting expert for more than 25 years. Our group of companies includes Auras International GmbH, located near Munich, Auras Ltd. in Hungary, and in 2015 Samott Ltd. joined our group, who have &#8230; <a title=\"ABOUT US\" class=\"read-more\" href=\"https:\/\/auras.hu\/en\/about-us\/\" aria-label=\"Read more about ABOUT US\">Read more<\/a><\/p>\n","protected":false},"author":1,"featured_media":0,"parent":0,"menu_order":0,"comment_status":"closed","ping_status":"closed","template":"","meta":{"_seopress_robots_primary_cat":"","_seopress_titles_title":"","_seopress_titles_desc":"","_seopress_robots_index":"","inline_featured_image":false,"footnotes":""},"class_list":["post-5023","page","type-page","status-publish"],"_links":{"self":[{"href":"https:\/\/auras.hu\/en\/wp-json\/wp\/v2\/pages\/5023","targetHints":{"allow":["GET"]}}],"collection":[{"href":"https:\/\/auras.hu\/en\/wp-json\/wp\/v2\/pages"}],"about":[{"href":"https:\/\/auras.hu\/en\/wp-json\/wp\/v2\/types\/page"}],"author":[{"embeddable":true,"href":"https:\/\/auras.hu\/en\/wp-json\/wp\/v2\/users\/1"}],"replies":[{"embeddable":true,"href":"https:\/\/auras.hu\/en\/wp-json\/wp\/v2\/comments?post=5023"}],"version-history":[{"count":1,"href":"https:\/\/auras.hu\/en\/wp-json\/wp\/v2\/pages\/5023\/revisions"}],"predecessor-version":[{"id":5026,"href":"https:\/\/auras.hu\/en\/wp-json\/wp\/v2\/pages\/5023\/revisions\/5026"}],"wp:attachment":[{"href":"https:\/\/auras.hu\/en\/wp-json\/wp\/v2\/media?parent=5023"}],"curies":[{"name":"wp","href":"https:\/\/api.w.org\/{rel}","templated":true}]}}