{"id":5015,"date":"2023-07-05T21:15:27","date_gmt":"2023-07-05T19:15:27","guid":{"rendered":"https:\/\/auras.hu\/?page_id=5015"},"modified":"2023-10-19T23:08:14","modified_gmt":"2023-10-19T21:08:14","slug":"references","status":"publish","type":"page","link":"https:\/\/auras.hu\/en\/references\/","title":{"rendered":"REFERENCES"},"content":{"rendered":"<div class=\"gb-container gb-container-b46577ff\">\n<div class=\"gb-container gb-container-ed7a0725\">\n\n<h2 class=\"gb-headline gb-headline-febd60e3 gb-headline-text\">REFERENCES &#8211; GENERAL CONSTRUCTION<\/h2>\n\n\n<div class=\"gb-grid-wrapper gb-grid-wrapper-eacddda2\">\n<div class=\"gb-grid-column gb-grid-column-5fb4869c\"><div class=\"gb-container gb-container-5fb4869c\">\n\n<p class=\"gb-headline gb-headline-45e96dce gb-headline-text\">Budapest, Nordic Light Office Building<\/p>\n\n<\/div><\/div>\n\n<div class=\"gb-grid-column gb-grid-column-b7ef443c\"><div class=\"gb-container gb-container-b7ef443c\">\n\n<p class=\"gb-headline gb-headline-ccdf9941 gb-headline-text\">3,500 sqm office refit for Schneider Electric<\/p>\n\n<\/div><\/div>\n<\/div>\n\n<div class=\"gb-grid-wrapper gb-grid-wrapper-c9f5b663\">\n<div class=\"gb-grid-column gb-grid-column-0d343e46\"><div class=\"gb-container gb-container-0d343e46\">\n\n<p class=\"gb-headline gb-headline-c686db7b gb-headline-text\">Budapest, F\u00e1y utca<\/p>\n\n<\/div><\/div>\n\n<div class=\"gb-grid-column gb-grid-column-6519cfd0\"><div class=\"gb-container gb-container-6519cfd0\">\n\n<p class=\"gb-headline gb-headline-b2ca13f5 gb-headline-text\">SKODA car showroom and handover area<\/p>\n\n<\/div><\/div>\n<\/div>\n\n<div class=\"gb-grid-wrapper gb-grid-wrapper-e903cd39\">\n<div class=\"gb-grid-column gb-grid-column-4f6e6c12\"><div class=\"gb-container gb-container-4f6e6c12\">\n\n<p class=\"gb-headline gb-headline-fd4af413 gb-headline-text\">Dunaharaszti<\/p>\n\n<\/div><\/div>\n\n<div class=\"gb-grid-column gb-grid-column-188495fc\"><div class=\"gb-container gb-container-188495fc\">\n\n<p class=\"gb-headline gb-headline-ad12cf7d gb-headline-text\">B\u00d6HLER warehouse and office building<\/p>\n\n<\/div><\/div>\n<\/div>\n\n<div class=\"gb-grid-wrapper gb-grid-wrapper-3230d5d1\">\n<div class=\"gb-grid-column gb-grid-column-5ae3c563\"><div class=\"gb-container gb-container-5ae3c563\">\n\n<p class=\"gb-headline gb-headline-b6ccc2ba gb-headline-text\">Budapest, XI. Hunyadi J\u00e1nos u. 6.<\/p>\n\n<\/div><\/div>\n\n<div class=\"gb-grid-column gb-grid-column-86df2f37\"><div class=\"gb-container gb-container-86df2f37\">\n\n<p class=\"gb-headline gb-headline-98a1265e gb-headline-text\">KIA showroom, JAHRESWAGEN construction<\/p>\n\n<\/div><\/div>\n<\/div>\n\n<div class=\"gb-grid-wrapper gb-grid-wrapper-adf13471\">\n<div class=\"gb-grid-column gb-grid-column-0a2f618a\"><div class=\"gb-container gb-container-0a2f618a\">\n\n<p class=\"gb-headline gb-headline-ed6b17c9 gb-headline-text\">Budapest, XI. Hunyadi J\u00e1nos u. 6.<\/p>\n\n<\/div><\/div>\n\n<div class=\"gb-grid-column gb-grid-column-7af00716\"><div class=\"gb-container gb-container-7af00716\">\n\n<p class=\"gb-headline gb-headline-f63f8994 gb-headline-text\">STRUCK STORE (handover area) retro office building construction<\/p>\n\n<\/div><\/div>\n<\/div>\n\n<div class=\"gb-grid-wrapper gb-grid-wrapper-a20de5cd\">\n<div class=\"gb-grid-column gb-grid-column-d78ea932\"><div class=\"gb-container gb-container-d78ea932\">\n\n<p class=\"gb-headline gb-headline-2997b01b gb-headline-text\">Szeged, V\u00e1s\u00e1rhelyi P\u00e1l u.<\/p>\n\n<\/div><\/div>\n\n<div class=\"gb-grid-column gb-grid-column-dda5b426\"><div class=\"gb-container gb-container-dda5b426\">\n\n<p class=\"gb-headline gb-headline-92e54a9c gb-headline-text\">MB Hungarian Motor KIA salon, handover area construction<\/p>\n\n<\/div><\/div>\n<\/div>\n\n<div class=\"gb-grid-wrapper gb-grid-wrapper-4eb1dd70\">\n<div class=\"gb-grid-column gb-grid-column-747aef67\"><div class=\"gb-container gb-container-747aef67\">\n\n<p class=\"gb-headline gb-headline-3d48b74f gb-headline-text\">Szeged, V\u00e1s\u00e1rhelyi P\u00e1l u.<\/p>\n\n<\/div><\/div>\n\n<div class=\"gb-grid-column gb-grid-column-6f1eff47\"><div class=\"gb-container gb-container-6f1eff47\">\n\n<p class=\"gb-headline gb-headline-b80cd6a7 gb-headline-text\">MB Hungarian Motor Truck repair workshop extension<\/p>\n\n<\/div><\/div>\n<\/div>\n\n<div class=\"gb-grid-wrapper gb-grid-wrapper-a0617ac7\">\n<div class=\"gb-grid-column gb-grid-column-214846ba\"><div class=\"gb-container gb-container-214846ba\">\n\n<p class=\"gb-headline gb-headline-d8693efd gb-headline-text\">Budapest, III. ker. B\u00e9csi \u00fat 267.<\/p>\n\n<\/div><\/div>\n\n<div class=\"gb-grid-column gb-grid-column-428251ff\"><div class=\"gb-container gb-container-428251ff\">\n\n<p class=\"gb-headline gb-headline-27fa4217 gb-headline-text\">Construction of a printing plant<\/p>\n\n<\/div><\/div>\n<\/div>\n\n<div class=\"gb-grid-wrapper gb-grid-wrapper-da919e3f\">\n<div class=\"gb-grid-column gb-grid-column-32d10684\"><div class=\"gb-container gb-container-32d10684\">\n\n<p class=\"gb-headline gb-headline-05020eef gb-headline-text\">Budapest, District XI, Buda\u00f6rsi \u00fat (M7 access road)<\/p>\n\n<\/div><\/div>\n\n<div class=\"gb-grid-column gb-grid-column-5fb59649\"><div class=\"gb-container gb-container-5fb59649\">\n\n<p class=\"gb-headline gb-headline-bb924fe3 gb-headline-text\">Pappas Aut\u00f3 site development<\/p>\n\n<\/div><\/div>\n<\/div>\n\n<div class=\"gb-grid-wrapper gb-grid-wrapper-a121ac88\">\n<div class=\"gb-grid-column gb-grid-column-95f24352\"><div class=\"gb-container gb-container-95f24352\">\n\n<p class=\"gb-headline gb-headline-d6b9a86c gb-headline-text\">Budapest, XI. Hunyadi J\u00e1nos u. 6.<\/p>\n\n<\/div><\/div>\n\n<div class=\"gb-grid-column gb-grid-column-39ab43b5\"><div class=\"gb-container gb-container-39ab43b5\">\n\n<p class=\"gb-headline gb-headline-b2279c11 gb-headline-text\">Pappas Aut\u00f3 office building extension, car showroom conversion, Gasworks building &#8211; handover area construction, site extension<\/p>\n\n<\/div><\/div>\n<\/div>\n\n<div class=\"gb-grid-wrapper gb-grid-wrapper-d938d70c\">\n<div class=\"gb-grid-column gb-grid-column-d276d9ae\"><div class=\"gb-container gb-container-d276d9ae\">\n\n<p class=\"gb-headline gb-headline-966c1e5d gb-headline-text\">Budapest Zoo and Botanical Garden<\/p>\n\n<\/div><\/div>\n\n<div class=\"gb-grid-column gb-grid-column-6834abf1\"><div class=\"gb-container gb-container-6834abf1\">\n\n<p class=\"gb-headline gb-headline-c062da10 gb-headline-text\">Reconstruction of the large pond, retaining walls, small rock, construction of catwalks, renovation works<\/p>\n\n<\/div><\/div>\n<\/div>\n\n<div class=\"gb-grid-wrapper gb-grid-wrapper-008a7fa4\">\n<div class=\"gb-grid-column gb-grid-column-db740612\"><div class=\"gb-container gb-container-db740612\">\n\n<p class=\"gb-headline gb-headline-6726c9b8 gb-headline-text\">B\u00e9k\u00e9s county<\/p>\n\n<\/div><\/div>\n\n<div class=\"gb-grid-column gb-grid-column-2887a8fe\"><div class=\"gb-container gb-container-2887a8fe\">\n\n<p class=\"gb-headline gb-headline-96ca8775 gb-headline-text\">Construction of landfill sites<\/p>\n\n<\/div><\/div>\n<\/div>\n\n<div class=\"gb-grid-wrapper gb-grid-wrapper-ed24d489\">\n<div class=\"gb-grid-column gb-grid-column-8ece6d5a\"><div class=\"gb-container gb-container-8ece6d5a\">\n\n<p class=\"gb-headline gb-headline-fef66b9c gb-headline-text\">Budapest, district III, Zay utca Aut\u00f3v\u00e1ros (\u201cAuto City\u201d)<\/p>\n\n<\/div><\/div>\n\n<div class=\"gb-grid-column gb-grid-column-7b2819ce\"><div class=\"gb-container gb-container-7b2819ce\">\n\n<p>Mitsubishi car showroom<br>Nissan car showroom<br>Skoda car showroom<br>Honda car showroom<br>Volvo car showroom<\/p>\n\n<\/div><\/div>\n<\/div>\n\n<div class=\"gb-grid-wrapper gb-grid-wrapper-689f9a36\">\n<div class=\"gb-grid-column gb-grid-column-a9a12609\"><div class=\"gb-container gb-container-a9a12609\">\n\n<p class=\"gb-headline gb-headline-ddc45ed5 gb-headline-text\">T\u00f6r\u00f6kb\u00e1lint, T\u00f3 u. lot number 3329\/4.<\/p>\n\n<\/div><\/div>\n\n<div class=\"gb-grid-column gb-grid-column-57972dd5\"><div class=\"gb-container gb-container-57972dd5\">\n\n<p class=\"gb-headline gb-headline-7dc6d2b8 gb-headline-text\">Skoda car showroom<\/p>\n\n<\/div><\/div>\n<\/div>\n\n<div class=\"gb-grid-wrapper gb-grid-wrapper-fcb77d5e\">\n<div class=\"gb-grid-column gb-grid-column-0914f2e4\"><div class=\"gb-container gb-container-0914f2e4\">\n\n<p class=\"gb-headline gb-headline-6a00d58a gb-headline-text\">1151 Budapest, G\u00e1bor \u00c1ron utca 8\/b.-10.<\/p>\n\n<\/div><\/div>\n\n<div class=\"gb-grid-column gb-grid-column-5381aa98\"><div class=\"gb-container gb-container-5381aa98\">\n\n<p class=\"gb-headline gb-headline-328a1268 gb-headline-text\">RENAULT car showroom, YAMAHA motorcycle showroom and repair shop<\/p>\n\n<\/div><\/div>\n<\/div>\n\n<div class=\"gb-grid-wrapper gb-grid-wrapper-438f5c77\">\n<div class=\"gb-grid-column gb-grid-column-eb2c2ad8\"><div class=\"gb-container gb-container-eb2c2ad8\">\n\n<p class=\"gb-headline gb-headline-58a64379 gb-headline-text\">Budapest, III. ker. Kelta utca 2.<\/p>\n\n<\/div><\/div>\n\n<div class=\"gb-grid-column gb-grid-column-92f94c15\"><div class=\"gb-container gb-container-92f94c15\">\n\n<p class=\"gb-headline gb-headline-9e479625 gb-headline-text\">Zsigmond Kir\u00e1ly College extension with a \u201c500\u201d seats \u201cEurope\u201d lecture hall and classrooms<\/p>\n\n<\/div><\/div>\n<\/div>\n\n\n<a class=\"gb-button gb-button-cfda1186\" href=\"https:\/\/auras.hu\/wp-content\/uploads\/2023\/08\/auras_leaflet_generalkivitelezes-2023-08-14.pdf\" target=\"_blank\" rel=\"noopener noreferrer\"><span class=\"gb-button-text\">General Construction<\/span><span class=\"gb-icon\"><svg aria-hidden=\"true\" role=\"img\" height=\"1em\" width=\"1em\" viewBox=\"0 0 448 512\" xmlns=\"http:\/\/www.w3.org\/2000\/svg\"><path fill=\"currentColor\" d=\"M207.029 381.476L12.686 187.132c-9.373-9.373-9.373-24.569 0-33.941l22.667-22.667c9.357-9.357 24.522-9.375 33.901-.04L224 284.505l154.745-154.021c9.379-9.335 24.544-9.317 33.901.04l22.667 22.667c9.373 9.373 9.373 24.569 0 33.941L240.971 381.476c-9.373 9.372-24.569 9.372-33.942 0z\"><\/path><\/svg><\/span><\/a>\n\n<\/div>\n\n<div class=\"gb-container gb-container-f2bbcf9e\">\n\n<h2 class=\"gb-headline gb-headline-725abcc4 gb-headline-text\">REFERENCES &#8211; REFRACTORY INDUSTRY<\/h2>\n\n\n\n<p><strong>Our main partners:<\/strong><\/p>\n\n\n\n<p>NEMAK Gy\u0151r Ltd.<\/p>\n\n\n\n<p>Le B\u00e9lier Magyarorsz\u00e1g Ltd.<\/p>\n\n\n\n<p>Feintool System Parts Tokod Ltd.<\/p>\n\n\n\n<p>Duna Furnace Dunai Vasm\u0171 &nbsp;Ltd.<\/p>\n\n\n\n<p>Tatab\u00e1nya Er\u0151m\u0171 Ltd.<\/p>\n\n\n\n<p>F\u00e9malk Zrt.<\/p>\n\n\n\n<p>AFT-Hungary Ltd.<\/p>\n\n\n\n<p>CREATON South-East Europe Ltd.<\/p>\n\n\n\n<p>Panyoker Ltd.<\/p>\n\n\n\n<p>T\u0171z\u00e1ll\u00f3technika Ltd.<\/p>\n\n\n\n<p>Ecseri Ltd.<\/p>\n\n\n\n<p>Prec-Cast \u00d6nt\u00f6dei Ltd.<\/p>\n\n\n\n<p>Szegedi \u00d6nt\u00f6de Ltd.<\/p>\n\n\n\n<p>AM SPITZ Ipari, Kereskedelmi \u00e9s Szolg\u00e1ltat\u00f3 Ltd.<\/p>\n\n\n\n<p>Gy\u0151ri Hullad\u00e9k\u00e9get\u0151 Ltd.<\/p>\n\n\n\n<p>Dualinvest Ltd.<\/p>\n\n\n\n<p>Moh\u00e1csi Vas\u00f6nt\u00f6de Ip. \u00e9s Ker. Ltd.<\/p>\n\n\n\n<p>Leier Hung\u00e1ria Ltd.<\/p>\n\n\n\n<p>Birla Carbon Hungary Ltd.<\/p>\n\n\n\n<p>Wienerberger Zrt.<\/p>\n\n\n\n<p>U. S. Steel Ko\u0161ice, s.r.o.<\/p>\n\n\n\n<p>Linde AG<\/p>\n\n\n\n<p>Z\u00fcblin AG<\/p>\n\n\n\n<p>BEROA Deutschland GmbH<\/p>\n\n\n\n<p>MAN Energy Solution SE<\/p>\n\n\n\n<p>Profe s.r.o.<\/p>\n\n\n\n<p>Ziehl-Abegg Ltd.<\/p>\n\n\n\n<p>SZ\u00c9PH\u0150 Zrt.<\/p>\n\n\n\n<p>M\u00c1V Vagon Ltd.<\/p>\n\n\n\n<p><strong>Our construction projects:<\/strong><\/p>\n\n\n\n<p>Refractory masonry works for the industrial equipment of Nemak Gy\u0151r Ltd<\/p>\n\n\n\n<p>Le Belier Hungary Zrt. and Le Belier Moh\u00e1cs Ltd. furnace repair, refractory masonry works<\/p>\n\n\n\n<p>Refurbishment, maintenance of the refractory masonry and repair of the turbine insulation of the boilers of SZ\u00c9PH\u0150 Zrt<\/p>\n\n\n\n<p>Bioenergy-Duna Ltd. (Moh\u00e1cs-H\u0151 Ltd.) boiler masonry repair<\/p>\n\n\n\n<p>MVM OVIT Zrt. &#8211; Tatab\u00e1nyai Er\u0151m\u0171 Ltd. biomass-based development &#8211; refractory masonry works<\/p>\n\n\n\n<p>Ziehl-Abegg Ltd. ZPF-Therm melting furnace refurbishment<\/p>\n\n\n\n<p>Gy\u0151ri Hullad\u00e9k\u00e9get\u0151 Ltd. &#8211; delivery of rotary kiln and emergency chimney materials by our sister company<\/p>\n\n\n\n<p>Repair of the refractory masonry of the afterburner in the incinerator of ECOMISSIO Ltd. located in Tiszavasv\u00e1ri<\/p>\n\n\n\n<p>ArcelorMittal Bremen GmbH converter masonry works<\/p>\n\n\n\n<p>Kangal TermikSantral Elektrik \u00dcretim A.\u015e., Kangal\/Sivas, Turkey<\/p>\n\n\n\n<p>Penta Industry Ltd. Refractory masonry works for the reversing chamber and dryer of the Tiszap\u00fcsp\u00f6k grain mill<\/p>\n\n\n\n<p>Rustavi Metallurgical Plant, Karussel furnace refurbishment, Georgia<\/p>\n\n\n\n<p>Maintenance of the boilers, refractory masonry repairs and special turbine insulation works at V\u00e9rtesi Er\u0151m\u0171 Zrt.<\/p>\n\n\n\n<p>MATECH Ltd. &#8211; Construction of refractory masonry and sealing for the plant sections of the Visonta project<\/p>\n\n\n\n<a class=\"gb-button gb-button-40d44fc7\" href=\"https:\/\/auras.hu\/wp-content\/uploads\/2023\/10\/auras_projektek_EN.pdf\" target=\"_blank\" rel=\"noopener noreferrer\"><span class=\"gb-button-text\">Refractories<\/span><span class=\"gb-icon\"><svg aria-hidden=\"true\" role=\"img\" height=\"1em\" width=\"1em\" viewBox=\"0 0 448 512\" xmlns=\"http:\/\/www.w3.org\/2000\/svg\"><path fill=\"currentColor\" d=\"M207.029 381.476L12.686 187.132c-9.373-9.373-9.373-24.569 0-33.941l22.667-22.667c9.357-9.357 24.522-9.375 33.901-.04L224 284.505l154.745-154.021c9.379-9.335 24.544-9.317 33.901.04l22.667 22.667c9.373 9.373 9.373 24.569 0 33.941L240.971 381.476c-9.373 9.372-24.569 9.372-33.942 0z\"><\/path><\/svg><\/span><\/a>\n\n<\/div>\n<\/div>","protected":false},"excerpt":{"rendered":"<p>REFERENCES &#8211; GENERAL CONSTRUCTION REFERENCES &#8211; REFRACTORY INDUSTRY Our main partners: NEMAK Gy\u0151r Ltd. Le B\u00e9lier Magyarorsz\u00e1g Ltd. Feintool System Parts Tokod Ltd. Duna Furnace Dunai Vasm\u0171 &nbsp;Ltd. Tatab\u00e1nya Er\u0151m\u0171 Ltd. F\u00e9malk Zrt. AFT-Hungary Ltd. CREATON South-East Europe Ltd. Panyoker Ltd. T\u0171z\u00e1ll\u00f3technika Ltd. Ecseri Ltd. Prec-Cast \u00d6nt\u00f6dei Ltd. Szegedi \u00d6nt\u00f6de Ltd. AM SPITZ Ipari, Kereskedelmi &#8230; <a title=\"REFERENCES\" class=\"read-more\" href=\"https:\/\/auras.hu\/en\/references\/\" aria-label=\"Read more about REFERENCES\">Read more<\/a><\/p>\n","protected":false},"author":1,"featured_media":0,"parent":0,"menu_order":0,"comment_status":"closed","ping_status":"closed","template":"","meta":{"_seopress_robots_primary_cat":"","_seopress_titles_title":"","_seopress_titles_desc":"","_seopress_robots_index":"","inline_featured_image":false,"footnotes":""},"class_list":["post-5015","page","type-page","status-publish"],"_links":{"self":[{"href":"https:\/\/auras.hu\/en\/wp-json\/wp\/v2\/pages\/5015","targetHints":{"allow":["GET"]}}],"collection":[{"href":"https:\/\/auras.hu\/en\/wp-json\/wp\/v2\/pages"}],"about":[{"href":"https:\/\/auras.hu\/en\/wp-json\/wp\/v2\/types\/page"}],"author":[{"embeddable":true,"href":"https:\/\/auras.hu\/en\/wp-json\/wp\/v2\/users\/1"}],"replies":[{"embeddable":true,"href":"https:\/\/auras.hu\/en\/wp-json\/wp\/v2\/comments?post=5015"}],"version-history":[{"count":2,"href":"https:\/\/auras.hu\/en\/wp-json\/wp\/v2\/pages\/5015\/revisions"}],"predecessor-version":[{"id":5121,"href":"https:\/\/auras.hu\/en\/wp-json\/wp\/v2\/pages\/5015\/revisions\/5121"}],"wp:attachment":[{"href":"https:\/\/auras.hu\/en\/wp-json\/wp\/v2\/media?parent=5015"}],"curies":[{"name":"wp","href":"https:\/\/api.w.org\/{rel}","templated":true}]}}